{"id":576,"date":"2024-11-01T13:39:18","date_gmt":"2024-11-01T13:39:18","guid":{"rendered":"https:\/\/gentle-care.com\/?post_type=product&#038;p=576"},"modified":"2025-03-31T21:46:59","modified_gmt":"2025-03-31T21:46:59","slug":"hand-cream","status":"publish","type":"product","link":"https:\/\/staging-bpx.gentle-care.com\/de\/produkt\/hand-cream\/","title":{"rendered":"Handcreme"},"content":{"rendered":"<div class=\"product-info-tr\">\n<div class=\"product-info-td\">\n\t\t<div data-elementor-type=\"section\" data-elementor-id=\"2483\" class=\"elementor elementor-2483\" data-elementor-post-type=\"elementor_library\">\n\t\t\t<div class=\"e-con-top elementor-element elementor-element-c8d7cd2 e-flex e-con-boxed e-con e-parent\" data-id=\"c8d7cd2\" data-element_type=\"container\">\n\t\t\t\t\t<div class=\"e-con-inner\">\n\t\t\t\t<div class=\"elementor-element elementor-element-eeb8d94 elementor-widget elementor-widget-text-editor\" data-id=\"eeb8d94\" data-element_type=\"widget\" data-widget_type=\"text-editor.default\">\n\t\t\t\t<div class=\"elementor-widget-container\">\n\t\t\t\t\t\t\t\t\t<p>Die GentleCare Hand Cream erh\u00f6ht den Feuchtigkeitsgehalt der Haut nachweislich um 43 % bereits nach der ersten Anwendung* und sorgt f\u00fcr sofortige Linderung, sodass sich Ihre H\u00e4nde weich und geschmeidig anf\u00fchlen.<\/p><p>Angereichert mit Zink, bietet sie Schutz und intensive Pflege \u2013 ideal f\u00fcr den t\u00e4glichen Gebrauch. Der zarte Duft nach Pfirsichbl\u00fcten vereint sanfte Pflege mit effektiver Feuchtigkeitszufuhr und h\u00e4lt Ihre H\u00e4nde den ganzen Tag angenehm versorgt.<\/p>\t\t\t\t\t\t\t\t<\/div>\n\t\t\t\t<\/div>\n\t\t\t\t\t<\/div>\n\t\t\t\t<\/div>\n\t\t\t\t<\/div>\n\t\t\n<\/div>\n<\/div>","protected":false},"excerpt":{"rendered":"<div class=\"elementor-flip-box__layer__description\">\n<div class=\"elementor-flip-box__layer__description\">Pflegen und sch\u00fctzen Sie Ihre H\u00e4nde mit intensiver Feuchtigkeit f\u00fcr weiche, glatte Haut.<\/div>\n<\/div>","protected":false},"featured_media":4875,"comment_status":"open","ping_status":"closed","template":"","meta":{"_acf_changed":false,"om_disable_all_campaigns":false},"product_brand":[],"product_cat":[43],"product_tag":[],"class_list":{"0":"post-576","1":"product","2":"type-product","3":"status-publish","4":"has-post-thumbnail","6":"product_cat-hand-cream","8":"first","9":"instock","10":"shipping-taxable","11":"purchasable","12":"product-type-simple"},"acf":[],"yoast_head":"<!-- This site is optimized with the Yoast SEO plugin v24.9 - https:\/\/yoast.com\/wordpress\/plugins\/seo\/ -->\n<title>Hand Cream - GentleCare DE<\/title>\n<meta name=\"robots\" content=\"noindex, follow, max-snippet:-1, max-image-preview:large, max-video-preview:-1\" \/>\n<meta property=\"og:locale\" content=\"de_DE\" \/>\n<meta property=\"og:type\" content=\"article\" \/>\n<meta property=\"og:title\" content=\"Hand Cream - GentleCare DE\" \/>\n<meta property=\"og:description\" content=\"Nourish and protect your hands with deep hydration for soft, smooth skin every day.\" \/>\n<meta property=\"og:url\" content=\"https:\/\/staging-bpx.gentle-care.com\/de\/produkt\/hand-cream\/\" \/>\n<meta property=\"og:site_name\" content=\"GentleCare DE\" \/>\n<meta property=\"article:publisher\" content=\"https:\/\/www.facebook.com\/profile.php?id=61566351594276\" \/>\n<meta property=\"article:modified_time\" content=\"2025-03-31T21:46:59+00:00\" \/>\n<meta name=\"twitter:card\" content=\"summary_large_image\" \/>\n<meta name=\"twitter:label1\" content=\"Gesch\u00e4tzte Lesezeit\" \/>\n\t<meta name=\"twitter:data1\" content=\"1\u00a0Minute\" \/>\n<script type=\"application\/ld+json\" class=\"yoast-schema-graph\">{\"@context\":\"https:\/\/schema.org\",\"@graph\":[{\"@type\":\"WebPage\",\"@id\":\"https:\/\/staging-bpx.gentle-care.com\/product\/hand-cream\/\",\"url\":\"https:\/\/staging-bpx.gentle-care.com\/product\/hand-cream\/\",\"name\":\"Hand Cream - GentleCare DE\",\"isPartOf\":{\"@id\":\"https:\/\/staging-bpx.gentle-care.com\/#website\"},\"primaryImageOfPage\":{\"@id\":\"https:\/\/staging-bpx.gentle-care.com\/product\/hand-cream\/#primaryimage\"},\"image\":{\"@id\":\"https:\/\/staging-bpx.gentle-care.com\/product\/hand-cream\/#primaryimage\"},\"thumbnailUrl\":\"https:\/\/staging-bpx.gentle-care.com\/wp-content\/uploads\/2024\/11\/4.svg\",\"datePublished\":\"2024-11-01T13:39:18+00:00\",\"dateModified\":\"2025-03-31T21:46:59+00:00\",\"breadcrumb\":{\"@id\":\"https:\/\/staging-bpx.gentle-care.com\/product\/hand-cream\/#breadcrumb\"},\"inLanguage\":\"de\",\"potentialAction\":[{\"@type\":\"ReadAction\",\"target\":[\"https:\/\/staging-bpx.gentle-care.com\/product\/hand-cream\/\"]}]},{\"@type\":\"ImageObject\",\"inLanguage\":\"de\",\"@id\":\"https:\/\/staging-bpx.gentle-care.com\/product\/hand-cream\/#primaryimage\",\"url\":\"https:\/\/staging-bpx.gentle-care.com\/wp-content\/uploads\/2024\/11\/4.svg\",\"contentUrl\":\"https:\/\/staging-bpx.gentle-care.com\/wp-content\/uploads\/2024\/11\/4.svg\",\"width\":1080,\"height\":1080},{\"@type\":\"BreadcrumbList\",\"@id\":\"https:\/\/staging-bpx.gentle-care.com\/product\/hand-cream\/#breadcrumb\",\"itemListElement\":[{\"@type\":\"ListItem\",\"position\":1,\"name\":\"Home\",\"item\":\"https:\/\/staging-bpx.gentle-care.com\/\"},{\"@type\":\"ListItem\",\"position\":2,\"name\":\"Shop\",\"item\":\"https:\/\/staging-bpx.gentle-care.com\/shop\/\"},{\"@type\":\"ListItem\",\"position\":3,\"name\":\"Hand Cream\"}]},{\"@type\":\"WebSite\",\"@id\":\"https:\/\/staging-bpx.gentle-care.com\/#website\",\"url\":\"https:\/\/staging-bpx.gentle-care.com\/\",\"name\":\"GentleCare DE\",\"description\":\"No-Nonsense Rituals. No 10-Step Routines. Only Ingredients That Work.\",\"publisher\":{\"@id\":\"https:\/\/staging-bpx.gentle-care.com\/#organization\"},\"potentialAction\":[{\"@type\":\"SearchAction\",\"target\":{\"@type\":\"EntryPoint\",\"urlTemplate\":\"https:\/\/staging-bpx.gentle-care.com\/?s={search_term_string}\"},\"query-input\":{\"@type\":\"PropertyValueSpecification\",\"valueRequired\":true,\"valueName\":\"search_term_string\"}}],\"inLanguage\":\"de\"},{\"@type\":\"Organization\",\"@id\":\"https:\/\/staging-bpx.gentle-care.com\/#organization\",\"name\":\"GentleCare DE\",\"url\":\"https:\/\/staging-bpx.gentle-care.com\/\",\"logo\":{\"@type\":\"ImageObject\",\"inLanguage\":\"de\",\"@id\":\"https:\/\/staging-bpx.gentle-care.com\/#\/schema\/logo\/image\/\",\"url\":\"https:\/\/staging-bpx.gentle-care.com\/wp-content\/uploads\/2024\/11\/cropped-Logo-stamp-no-shadow.png\",\"contentUrl\":\"https:\/\/staging-bpx.gentle-care.com\/wp-content\/uploads\/2024\/11\/cropped-Logo-stamp-no-shadow.png\",\"width\":1957,\"height\":1960,\"caption\":\"GentleCare DE\"},\"image\":{\"@id\":\"https:\/\/staging-bpx.gentle-care.com\/#\/schema\/logo\/image\/\"},\"sameAs\":[\"https:\/\/www.facebook.com\/profile.php?id=61566351594276\",\"https:\/\/www.instagram.com\/gentlecareofficial\/#\"]}]}<\/script>\n<!-- \/ Yoast SEO plugin. -->","yoast_head_json":{"title":"Hand Cream - GentleCare DE","robots":{"index":"noindex","follow":"follow","max-snippet":"max-snippet:-1","max-image-preview":"max-image-preview:large","max-video-preview":"max-video-preview:-1"},"og_locale":"de_DE","og_type":"article","og_title":"Hand Cream - GentleCare DE","og_description":"Nourish and protect your hands with deep hydration for soft, smooth skin every day.","og_url":"https:\/\/staging-bpx.gentle-care.com\/de\/produkt\/hand-cream\/","og_site_name":"GentleCare DE","article_publisher":"https:\/\/www.facebook.com\/profile.php?id=61566351594276","article_modified_time":"2025-03-31T21:46:59+00:00","twitter_card":"summary_large_image","twitter_misc":{"Gesch\u00e4tzte Lesezeit":"1\u00a0Minute"},"schema":{"@context":"https:\/\/schema.org","@graph":[{"@type":"WebPage","@id":"https:\/\/staging-bpx.gentle-care.com\/product\/hand-cream\/","url":"https:\/\/staging-bpx.gentle-care.com\/product\/hand-cream\/","name":"Hand Cream - GentleCare DE","isPartOf":{"@id":"https:\/\/staging-bpx.gentle-care.com\/#website"},"primaryImageOfPage":{"@id":"https:\/\/staging-bpx.gentle-care.com\/product\/hand-cream\/#primaryimage"},"image":{"@id":"https:\/\/staging-bpx.gentle-care.com\/product\/hand-cream\/#primaryimage"},"thumbnailUrl":"https:\/\/staging-bpx.gentle-care.com\/wp-content\/uploads\/2024\/11\/4.svg","datePublished":"2024-11-01T13:39:18+00:00","dateModified":"2025-03-31T21:46:59+00:00","breadcrumb":{"@id":"https:\/\/staging-bpx.gentle-care.com\/product\/hand-cream\/#breadcrumb"},"inLanguage":"de","potentialAction":[{"@type":"ReadAction","target":["https:\/\/staging-bpx.gentle-care.com\/product\/hand-cream\/"]}]},{"@type":"ImageObject","inLanguage":"de","@id":"https:\/\/staging-bpx.gentle-care.com\/product\/hand-cream\/#primaryimage","url":"https:\/\/staging-bpx.gentle-care.com\/wp-content\/uploads\/2024\/11\/4.svg","contentUrl":"https:\/\/staging-bpx.gentle-care.com\/wp-content\/uploads\/2024\/11\/4.svg","width":1080,"height":1080},{"@type":"BreadcrumbList","@id":"https:\/\/staging-bpx.gentle-care.com\/product\/hand-cream\/#breadcrumb","itemListElement":[{"@type":"ListItem","position":1,"name":"Home","item":"https:\/\/staging-bpx.gentle-care.com\/"},{"@type":"ListItem","position":2,"name":"Shop","item":"https:\/\/staging-bpx.gentle-care.com\/shop\/"},{"@type":"ListItem","position":3,"name":"Hand Cream"}]},{"@type":"WebSite","@id":"https:\/\/staging-bpx.gentle-care.com\/#website","url":"https:\/\/staging-bpx.gentle-care.com\/","name":"GentleCare DE","description":"No-Nonsense Rituals. No 10-Step Routines. Only Ingredients That Work.","publisher":{"@id":"https:\/\/staging-bpx.gentle-care.com\/#organization"},"potentialAction":[{"@type":"SearchAction","target":{"@type":"EntryPoint","urlTemplate":"https:\/\/staging-bpx.gentle-care.com\/?s={search_term_string}"},"query-input":{"@type":"PropertyValueSpecification","valueRequired":true,"valueName":"search_term_string"}}],"inLanguage":"de"},{"@type":"Organization","@id":"https:\/\/staging-bpx.gentle-care.com\/#organization","name":"GentleCare DE","url":"https:\/\/staging-bpx.gentle-care.com\/","logo":{"@type":"ImageObject","inLanguage":"de","@id":"https:\/\/staging-bpx.gentle-care.com\/#\/schema\/logo\/image\/","url":"https:\/\/staging-bpx.gentle-care.com\/wp-content\/uploads\/2024\/11\/cropped-Logo-stamp-no-shadow.png","contentUrl":"https:\/\/staging-bpx.gentle-care.com\/wp-content\/uploads\/2024\/11\/cropped-Logo-stamp-no-shadow.png","width":1957,"height":1960,"caption":"GentleCare DE"},"image":{"@id":"https:\/\/staging-bpx.gentle-care.com\/#\/schema\/logo\/image\/"},"sameAs":["https:\/\/www.facebook.com\/profile.php?id=61566351594276","https:\/\/www.instagram.com\/gentlecareofficial\/#"]}]}},"_links":{"self":[{"href":"https:\/\/staging-bpx.gentle-care.com\/de\/wp-json\/wp\/v2\/product\/576","targetHints":{"allow":["GET"]}}],"collection":[{"href":"https:\/\/staging-bpx.gentle-care.com\/de\/wp-json\/wp\/v2\/product"}],"about":[{"href":"https:\/\/staging-bpx.gentle-care.com\/de\/wp-json\/wp\/v2\/types\/product"}],"replies":[{"embeddable":true,"href":"https:\/\/staging-bpx.gentle-care.com\/de\/wp-json\/wp\/v2\/comments?post=576"}],"wp:featuredmedia":[{"embeddable":true,"href":"https:\/\/staging-bpx.gentle-care.com\/de\/wp-json\/wp\/v2\/media\/4875"}],"wp:attachment":[{"href":"https:\/\/staging-bpx.gentle-care.com\/de\/wp-json\/wp\/v2\/media?parent=576"}],"wp:term":[{"taxonomy":"product_brand","embeddable":true,"href":"https:\/\/staging-bpx.gentle-care.com\/de\/wp-json\/wp\/v2\/product_brand?post=576"},{"taxonomy":"product_cat","embeddable":true,"href":"https:\/\/staging-bpx.gentle-care.com\/de\/wp-json\/wp\/v2\/product_cat?post=576"},{"taxonomy":"product_tag","embeddable":true,"href":"https:\/\/staging-bpx.gentle-care.com\/de\/wp-json\/wp\/v2\/product_tag?post=576"}],"curies":[{"name":"wp","href":"https:\/\/api.w.org\/{rel}","templated":true}]}}