{"id":567,"date":"2024-11-01T13:23:31","date_gmt":"2024-11-01T13:23:31","guid":{"rendered":"https:\/\/gentle-care.com\/?post_type=product&#038;p=567"},"modified":"2025-03-31T21:45:48","modified_gmt":"2025-03-31T21:45:48","slug":"body-lotion","status":"publish","type":"product","link":"https:\/\/staging-bpx.gentle-care.com\/de\/produkt\/body-lotion\/","title":{"rendered":"Body Lotion"},"content":{"rendered":"<div class=\"product-info-tr\">\n<div class=\"product-info-td\">\n<div class=\"common-tab-head d-flex-aic\">\n<div class=\"product-info-tr\">\n<div class=\"product-info-td\">\n\t\t<div data-elementor-type=\"section\" data-elementor-id=\"2490\" class=\"elementor elementor-2490\" data-elementor-post-type=\"elementor_library\">\n\t\t\t<div class=\"e-con-top elementor-element elementor-element-4837b59 e-flex e-con-boxed e-con e-parent\" data-id=\"4837b59\" data-element_type=\"container\">\n\t\t\t\t\t<div class=\"e-con-inner\">\n\t\t\t\t<div class=\"elementor-element elementor-element-62d28e5 elementor-widget elementor-widget-text-editor\" data-id=\"62d28e5\" data-element_type=\"widget\" data-widget_type=\"text-editor.default\">\n\t\t\t\t<div class=\"elementor-widget-container\">\n\t\t\t\t\t\t\t\t\t<p>Die GentleCare Body Lotion erh\u00f6ht den Feuchtigkeitsgehalt der Haut nachweislich um 50 % bereits nach der ersten Anwendung.* Ihre leichte, nicht fettende Formel zieht schnell ein und hinterl\u00e4sst die Haut weich, geschmeidig und erfrischt.<\/p><p>Perfekt f\u00fcr die t\u00e4gliche Anwendung, verw\u00f6hnt sie mit einem dezenten Duft nach Pfirsichbl\u00fcten und bietet sanfte sowie effektive Pflege.<\/p><p>Klinisch getestet, sorgt diese K\u00f6rperlotion f\u00fcr lang anhaltende Feuchtigkeit und ein angenehmes Hautgef\u00fchl.<\/p>\t\t\t\t\t\t\t\t<\/div>\n\t\t\t\t<\/div>\n\t\t\t\t\t<\/div>\n\t\t\t\t<\/div>\n\t\t\t\t<\/div>\n\t\t\n<\/div>\n<\/div>\n<\/div>\n<\/div>\n<\/div>","protected":false},"excerpt":{"rendered":"<p>T\u00e4gliche, langanhaltende Feuchtigkeit und Pflege f\u00fcr weiche, glatte und gesunde Haut.<\/p>","protected":false},"featured_media":4877,"comment_status":"open","ping_status":"closed","template":"","meta":{"_acf_changed":false,"om_disable_all_campaigns":false},"product_brand":[],"product_cat":[41],"product_tag":[],"class_list":{"0":"post-567","1":"product","2":"type-product","3":"status-publish","4":"has-post-thumbnail","6":"product_cat-body-lotion","8":"first","9":"instock","10":"shipping-taxable","11":"purchasable","12":"product-type-simple"},"acf":[],"yoast_head":"<!-- This site is optimized with the Yoast SEO plugin v24.9 - https:\/\/yoast.com\/wordpress\/plugins\/seo\/ -->\n<title>Body Lotion - GentleCare DE<\/title>\n<meta name=\"robots\" content=\"noindex, follow, max-snippet:-1, max-image-preview:large, max-video-preview:-1\" \/>\n<meta property=\"og:locale\" content=\"de_DE\" \/>\n<meta property=\"og:type\" content=\"article\" \/>\n<meta property=\"og:title\" content=\"Body Lotion - GentleCare DE\" \/>\n<meta property=\"og:description\" content=\"Daily, long-lasting hydration and nourishment for soft, smooth, and healthy skin.\" \/>\n<meta property=\"og:url\" content=\"https:\/\/staging-bpx.gentle-care.com\/de\/produkt\/body-lotion\/\" \/>\n<meta property=\"og:site_name\" content=\"GentleCare DE\" \/>\n<meta property=\"article:publisher\" content=\"https:\/\/www.facebook.com\/profile.php?id=61566351594276\" \/>\n<meta property=\"article:modified_time\" content=\"2025-03-31T21:45:48+00:00\" \/>\n<meta name=\"twitter:card\" content=\"summary_large_image\" \/>\n<meta name=\"twitter:label1\" content=\"Gesch\u00e4tzte Lesezeit\" \/>\n\t<meta name=\"twitter:data1\" content=\"1\u00a0Minute\" \/>\n<script type=\"application\/ld+json\" class=\"yoast-schema-graph\">{\"@context\":\"https:\/\/schema.org\",\"@graph\":[{\"@type\":\"WebPage\",\"@id\":\"https:\/\/staging-bpx.gentle-care.com\/product\/body-lotion\/\",\"url\":\"https:\/\/staging-bpx.gentle-care.com\/product\/body-lotion\/\",\"name\":\"Body Lotion - GentleCare DE\",\"isPartOf\":{\"@id\":\"https:\/\/staging-bpx.gentle-care.com\/#website\"},\"primaryImageOfPage\":{\"@id\":\"https:\/\/staging-bpx.gentle-care.com\/product\/body-lotion\/#primaryimage\"},\"image\":{\"@id\":\"https:\/\/staging-bpx.gentle-care.com\/product\/body-lotion\/#primaryimage\"},\"thumbnailUrl\":\"https:\/\/staging-bpx.gentle-care.com\/wp-content\/uploads\/2024\/11\/3.svg\",\"datePublished\":\"2024-11-01T13:23:31+00:00\",\"dateModified\":\"2025-03-31T21:45:48+00:00\",\"breadcrumb\":{\"@id\":\"https:\/\/staging-bpx.gentle-care.com\/product\/body-lotion\/#breadcrumb\"},\"inLanguage\":\"de\",\"potentialAction\":[{\"@type\":\"ReadAction\",\"target\":[\"https:\/\/staging-bpx.gentle-care.com\/product\/body-lotion\/\"]}]},{\"@type\":\"ImageObject\",\"inLanguage\":\"de\",\"@id\":\"https:\/\/staging-bpx.gentle-care.com\/product\/body-lotion\/#primaryimage\",\"url\":\"https:\/\/staging-bpx.gentle-care.com\/wp-content\/uploads\/2024\/11\/3.svg\",\"contentUrl\":\"https:\/\/staging-bpx.gentle-care.com\/wp-content\/uploads\/2024\/11\/3.svg\",\"width\":1080,\"height\":1080},{\"@type\":\"BreadcrumbList\",\"@id\":\"https:\/\/staging-bpx.gentle-care.com\/product\/body-lotion\/#breadcrumb\",\"itemListElement\":[{\"@type\":\"ListItem\",\"position\":1,\"name\":\"Home\",\"item\":\"https:\/\/staging-bpx.gentle-care.com\/\"},{\"@type\":\"ListItem\",\"position\":2,\"name\":\"Shop\",\"item\":\"https:\/\/staging-bpx.gentle-care.com\/shop\/\"},{\"@type\":\"ListItem\",\"position\":3,\"name\":\"Body Lotion\"}]},{\"@type\":\"WebSite\",\"@id\":\"https:\/\/staging-bpx.gentle-care.com\/#website\",\"url\":\"https:\/\/staging-bpx.gentle-care.com\/\",\"name\":\"GentleCare DE\",\"description\":\"No-Nonsense Rituals. No 10-Step Routines. Only Ingredients That Work.\",\"publisher\":{\"@id\":\"https:\/\/staging-bpx.gentle-care.com\/#organization\"},\"potentialAction\":[{\"@type\":\"SearchAction\",\"target\":{\"@type\":\"EntryPoint\",\"urlTemplate\":\"https:\/\/staging-bpx.gentle-care.com\/?s={search_term_string}\"},\"query-input\":{\"@type\":\"PropertyValueSpecification\",\"valueRequired\":true,\"valueName\":\"search_term_string\"}}],\"inLanguage\":\"de\"},{\"@type\":\"Organization\",\"@id\":\"https:\/\/staging-bpx.gentle-care.com\/#organization\",\"name\":\"GentleCare DE\",\"url\":\"https:\/\/staging-bpx.gentle-care.com\/\",\"logo\":{\"@type\":\"ImageObject\",\"inLanguage\":\"de\",\"@id\":\"https:\/\/staging-bpx.gentle-care.com\/#\/schema\/logo\/image\/\",\"url\":\"https:\/\/staging-bpx.gentle-care.com\/wp-content\/uploads\/2024\/11\/cropped-Logo-stamp-no-shadow.png\",\"contentUrl\":\"https:\/\/staging-bpx.gentle-care.com\/wp-content\/uploads\/2024\/11\/cropped-Logo-stamp-no-shadow.png\",\"width\":1957,\"height\":1960,\"caption\":\"GentleCare DE\"},\"image\":{\"@id\":\"https:\/\/staging-bpx.gentle-care.com\/#\/schema\/logo\/image\/\"},\"sameAs\":[\"https:\/\/www.facebook.com\/profile.php?id=61566351594276\",\"https:\/\/www.instagram.com\/gentlecareofficial\/#\"]}]}<\/script>\n<!-- \/ Yoast SEO plugin. -->","yoast_head_json":{"title":"Body Lotion - GentleCare DE","robots":{"index":"noindex","follow":"follow","max-snippet":"max-snippet:-1","max-image-preview":"max-image-preview:large","max-video-preview":"max-video-preview:-1"},"og_locale":"de_DE","og_type":"article","og_title":"Body Lotion - GentleCare DE","og_description":"Daily, long-lasting hydration and nourishment for soft, smooth, and healthy skin.","og_url":"https:\/\/staging-bpx.gentle-care.com\/de\/produkt\/body-lotion\/","og_site_name":"GentleCare DE","article_publisher":"https:\/\/www.facebook.com\/profile.php?id=61566351594276","article_modified_time":"2025-03-31T21:45:48+00:00","twitter_card":"summary_large_image","twitter_misc":{"Gesch\u00e4tzte Lesezeit":"1\u00a0Minute"},"schema":{"@context":"https:\/\/schema.org","@graph":[{"@type":"WebPage","@id":"https:\/\/staging-bpx.gentle-care.com\/product\/body-lotion\/","url":"https:\/\/staging-bpx.gentle-care.com\/product\/body-lotion\/","name":"Body Lotion - GentleCare DE","isPartOf":{"@id":"https:\/\/staging-bpx.gentle-care.com\/#website"},"primaryImageOfPage":{"@id":"https:\/\/staging-bpx.gentle-care.com\/product\/body-lotion\/#primaryimage"},"image":{"@id":"https:\/\/staging-bpx.gentle-care.com\/product\/body-lotion\/#primaryimage"},"thumbnailUrl":"https:\/\/staging-bpx.gentle-care.com\/wp-content\/uploads\/2024\/11\/3.svg","datePublished":"2024-11-01T13:23:31+00:00","dateModified":"2025-03-31T21:45:48+00:00","breadcrumb":{"@id":"https:\/\/staging-bpx.gentle-care.com\/product\/body-lotion\/#breadcrumb"},"inLanguage":"de","potentialAction":[{"@type":"ReadAction","target":["https:\/\/staging-bpx.gentle-care.com\/product\/body-lotion\/"]}]},{"@type":"ImageObject","inLanguage":"de","@id":"https:\/\/staging-bpx.gentle-care.com\/product\/body-lotion\/#primaryimage","url":"https:\/\/staging-bpx.gentle-care.com\/wp-content\/uploads\/2024\/11\/3.svg","contentUrl":"https:\/\/staging-bpx.gentle-care.com\/wp-content\/uploads\/2024\/11\/3.svg","width":1080,"height":1080},{"@type":"BreadcrumbList","@id":"https:\/\/staging-bpx.gentle-care.com\/product\/body-lotion\/#breadcrumb","itemListElement":[{"@type":"ListItem","position":1,"name":"Home","item":"https:\/\/staging-bpx.gentle-care.com\/"},{"@type":"ListItem","position":2,"name":"Shop","item":"https:\/\/staging-bpx.gentle-care.com\/shop\/"},{"@type":"ListItem","position":3,"name":"Body Lotion"}]},{"@type":"WebSite","@id":"https:\/\/staging-bpx.gentle-care.com\/#website","url":"https:\/\/staging-bpx.gentle-care.com\/","name":"GentleCare DE","description":"No-Nonsense Rituals. No 10-Step Routines. Only Ingredients That Work.","publisher":{"@id":"https:\/\/staging-bpx.gentle-care.com\/#organization"},"potentialAction":[{"@type":"SearchAction","target":{"@type":"EntryPoint","urlTemplate":"https:\/\/staging-bpx.gentle-care.com\/?s={search_term_string}"},"query-input":{"@type":"PropertyValueSpecification","valueRequired":true,"valueName":"search_term_string"}}],"inLanguage":"de"},{"@type":"Organization","@id":"https:\/\/staging-bpx.gentle-care.com\/#organization","name":"GentleCare DE","url":"https:\/\/staging-bpx.gentle-care.com\/","logo":{"@type":"ImageObject","inLanguage":"de","@id":"https:\/\/staging-bpx.gentle-care.com\/#\/schema\/logo\/image\/","url":"https:\/\/staging-bpx.gentle-care.com\/wp-content\/uploads\/2024\/11\/cropped-Logo-stamp-no-shadow.png","contentUrl":"https:\/\/staging-bpx.gentle-care.com\/wp-content\/uploads\/2024\/11\/cropped-Logo-stamp-no-shadow.png","width":1957,"height":1960,"caption":"GentleCare DE"},"image":{"@id":"https:\/\/staging-bpx.gentle-care.com\/#\/schema\/logo\/image\/"},"sameAs":["https:\/\/www.facebook.com\/profile.php?id=61566351594276","https:\/\/www.instagram.com\/gentlecareofficial\/#"]}]}},"_links":{"self":[{"href":"https:\/\/staging-bpx.gentle-care.com\/de\/wp-json\/wp\/v2\/product\/567","targetHints":{"allow":["GET"]}}],"collection":[{"href":"https:\/\/staging-bpx.gentle-care.com\/de\/wp-json\/wp\/v2\/product"}],"about":[{"href":"https:\/\/staging-bpx.gentle-care.com\/de\/wp-json\/wp\/v2\/types\/product"}],"replies":[{"embeddable":true,"href":"https:\/\/staging-bpx.gentle-care.com\/de\/wp-json\/wp\/v2\/comments?post=567"}],"wp:featuredmedia":[{"embeddable":true,"href":"https:\/\/staging-bpx.gentle-care.com\/de\/wp-json\/wp\/v2\/media\/4877"}],"wp:attachment":[{"href":"https:\/\/staging-bpx.gentle-care.com\/de\/wp-json\/wp\/v2\/media?parent=567"}],"wp:term":[{"taxonomy":"product_brand","embeddable":true,"href":"https:\/\/staging-bpx.gentle-care.com\/de\/wp-json\/wp\/v2\/product_brand?post=567"},{"taxonomy":"product_cat","embeddable":true,"href":"https:\/\/staging-bpx.gentle-care.com\/de\/wp-json\/wp\/v2\/product_cat?post=567"},{"taxonomy":"product_tag","embeddable":true,"href":"https:\/\/staging-bpx.gentle-care.com\/de\/wp-json\/wp\/v2\/product_tag?post=567"}],"curies":[{"name":"wp","href":"https:\/\/api.w.org\/{rel}","templated":true}]}}