{"id":2372,"date":"2024-11-10T15:05:47","date_gmt":"2024-11-10T15:05:47","guid":{"rendered":"https:\/\/uk.gentle-care.com\/?post_type=product&#038;p=2372"},"modified":"2025-03-31T21:45:52","modified_gmt":"2025-03-31T21:45:52","slug":"gc-bundle","status":"publish","type":"product","link":"https:\/\/staging-bpx.gentle-care.com\/de\/produkt\/gc-bundle\/","title":{"rendered":"GC Set"},"content":{"rendered":"<div data-elementor-type=\"section\" data-elementor-id=\"2919\" class=\"elementor elementor-2919\" data-elementor-post-type=\"elementor_library\">\n\t\t\t<div class=\"e-con-top elementor-element elementor-element-db77b38 e-flex e-con-boxed e-con e-parent\" data-id=\"db77b38\" data-element_type=\"container\">\n\t\t\t\t\t<div class=\"e-con-inner\">\n\t\t\t\t<div class=\"elementor-element elementor-element-332cbd6 elementor-widget elementor-widget-text-editor\" data-id=\"332cbd6\" data-element_type=\"widget\" data-widget_type=\"text-editor.default\">\n\t\t\t\t<div class=\"elementor-widget-container\">\n\t\t\t\t\t\t\t\t\t<p>Das GentleCare Skincare Set ist die ideale Komplettl\u00f6sung f\u00fcr t\u00e4gliche Feuchtigkeit und Pflege. Mit der GentleCare Gesichtscreme, Handcreme und K\u00f6rperlotion bietet dieses Set eine Kombination aus sanfter und gleichzeitig effektiver Hautpflege. Jedes Produkt ist klinisch getestet und versorgt die Haut nachhaltig mit Feuchtigkeit. Hochwertige Inhaltsstoffe wie Zink, Calendula-Extrakt und Vitamin E bieten genau das, was Ihre Haut f\u00fcr optimalen Komfort und Pflege ben\u00f6tigt. Klinisch und dermatologisch gepr\u00fcft, vereinfacht das GentleCare Skincare Set Ihre Pflegeroutine, ohne dabei Kompromisse bei der Qualit\u00e4t einzugehen.<\/p>\t\t\t\t\t\t\t\t<\/div>\n\t\t\t\t<\/div>\n\t\t\t\t\t<\/div>\n\t\t\t\t<\/div>\n\t\t\t\t<\/div>","protected":false},"excerpt":{"rendered":"<p>Das GentleCare Skincare Bundle vereinfacht Ihre Pflege-Routine, ohne dabei auf Qualit\u00e4t zu verzichten.<\/p>","protected":false},"featured_media":4874,"comment_status":"open","ping_status":"closed","template":"","meta":{"_acf_changed":false,"om_disable_all_campaigns":false},"product_brand":[],"product_cat":[195],"product_tag":[],"class_list":{"0":"post-2372","1":"product","2":"type-product","3":"status-publish","4":"has-post-thumbnail","6":"product_cat-bundles","8":"first","9":"instock","10":"sale","11":"shipping-taxable","12":"purchasable","13":"product-type-simple"},"acf":[],"yoast_head":"<!-- This site is optimized with the Yoast SEO plugin v24.9 - https:\/\/yoast.com\/wordpress\/plugins\/seo\/ -->\n<title>GC Bundle - GentleCare DE<\/title>\n<meta name=\"robots\" content=\"noindex, follow, max-snippet:-1, max-image-preview:large, max-video-preview:-1\" \/>\n<meta property=\"og:locale\" content=\"de_DE\" \/>\n<meta property=\"og:type\" content=\"article\" \/>\n<meta property=\"og:title\" content=\"GC Bundle - GentleCare DE\" \/>\n<meta property=\"og:description\" content=\"GentleCare\u2019s Skincare Bundle simplifies your routine without compromising on quality.\" \/>\n<meta property=\"og:url\" content=\"https:\/\/staging-bpx.gentle-care.com\/de\/produkt\/gc-bundle\/\" \/>\n<meta property=\"og:site_name\" content=\"GentleCare DE\" \/>\n<meta property=\"article:publisher\" content=\"https:\/\/www.facebook.com\/profile.php?id=61566351594276\" \/>\n<meta property=\"article:modified_time\" content=\"2025-03-31T21:45:52+00:00\" \/>\n<meta name=\"twitter:card\" content=\"summary_large_image\" \/>\n<meta name=\"twitter:label1\" content=\"Gesch\u00e4tzte Lesezeit\" \/>\n\t<meta name=\"twitter:data1\" content=\"1\u00a0Minute\" \/>\n<script type=\"application\/ld+json\" class=\"yoast-schema-graph\">{\"@context\":\"https:\/\/schema.org\",\"@graph\":[{\"@type\":\"WebPage\",\"@id\":\"https:\/\/staging-bpx.gentle-care.com\/product\/gc-bundle\/\",\"url\":\"https:\/\/staging-bpx.gentle-care.com\/product\/gc-bundle\/\",\"name\":\"GC Bundle - GentleCare DE\",\"isPartOf\":{\"@id\":\"https:\/\/staging-bpx.gentle-care.com\/#website\"},\"primaryImageOfPage\":{\"@id\":\"https:\/\/staging-bpx.gentle-care.com\/product\/gc-bundle\/#primaryimage\"},\"image\":{\"@id\":\"https:\/\/staging-bpx.gentle-care.com\/product\/gc-bundle\/#primaryimage\"},\"thumbnailUrl\":\"https:\/\/staging-bpx.gentle-care.com\/wp-content\/uploads\/2024\/11\/1.svg\",\"datePublished\":\"2024-11-10T15:05:47+00:00\",\"dateModified\":\"2025-03-31T21:45:52+00:00\",\"breadcrumb\":{\"@id\":\"https:\/\/staging-bpx.gentle-care.com\/product\/gc-bundle\/#breadcrumb\"},\"inLanguage\":\"de\",\"potentialAction\":[{\"@type\":\"ReadAction\",\"target\":[\"https:\/\/staging-bpx.gentle-care.com\/product\/gc-bundle\/\"]}]},{\"@type\":\"ImageObject\",\"inLanguage\":\"de\",\"@id\":\"https:\/\/staging-bpx.gentle-care.com\/product\/gc-bundle\/#primaryimage\",\"url\":\"https:\/\/staging-bpx.gentle-care.com\/wp-content\/uploads\/2024\/11\/1.svg\",\"contentUrl\":\"https:\/\/staging-bpx.gentle-care.com\/wp-content\/uploads\/2024\/11\/1.svg\",\"width\":1080,\"height\":1080},{\"@type\":\"BreadcrumbList\",\"@id\":\"https:\/\/staging-bpx.gentle-care.com\/product\/gc-bundle\/#breadcrumb\",\"itemListElement\":[{\"@type\":\"ListItem\",\"position\":1,\"name\":\"Home\",\"item\":\"https:\/\/staging-bpx.gentle-care.com\/\"},{\"@type\":\"ListItem\",\"position\":2,\"name\":\"Shop\",\"item\":\"https:\/\/staging-bpx.gentle-care.com\/shop\/\"},{\"@type\":\"ListItem\",\"position\":3,\"name\":\"GC Bundle\"}]},{\"@type\":\"WebSite\",\"@id\":\"https:\/\/staging-bpx.gentle-care.com\/#website\",\"url\":\"https:\/\/staging-bpx.gentle-care.com\/\",\"name\":\"GentleCare DE\",\"description\":\"No-Nonsense Rituals. No 10-Step Routines. Only Ingredients That Work.\",\"publisher\":{\"@id\":\"https:\/\/staging-bpx.gentle-care.com\/#organization\"},\"potentialAction\":[{\"@type\":\"SearchAction\",\"target\":{\"@type\":\"EntryPoint\",\"urlTemplate\":\"https:\/\/staging-bpx.gentle-care.com\/?s={search_term_string}\"},\"query-input\":{\"@type\":\"PropertyValueSpecification\",\"valueRequired\":true,\"valueName\":\"search_term_string\"}}],\"inLanguage\":\"de\"},{\"@type\":\"Organization\",\"@id\":\"https:\/\/staging-bpx.gentle-care.com\/#organization\",\"name\":\"GentleCare DE\",\"url\":\"https:\/\/staging-bpx.gentle-care.com\/\",\"logo\":{\"@type\":\"ImageObject\",\"inLanguage\":\"de\",\"@id\":\"https:\/\/staging-bpx.gentle-care.com\/#\/schema\/logo\/image\/\",\"url\":\"https:\/\/staging-bpx.gentle-care.com\/wp-content\/uploads\/2024\/11\/cropped-Logo-stamp-no-shadow.png\",\"contentUrl\":\"https:\/\/staging-bpx.gentle-care.com\/wp-content\/uploads\/2024\/11\/cropped-Logo-stamp-no-shadow.png\",\"width\":1957,\"height\":1960,\"caption\":\"GentleCare DE\"},\"image\":{\"@id\":\"https:\/\/staging-bpx.gentle-care.com\/#\/schema\/logo\/image\/\"},\"sameAs\":[\"https:\/\/www.facebook.com\/profile.php?id=61566351594276\",\"https:\/\/www.instagram.com\/gentlecareofficial\/#\"]}]}<\/script>\n<!-- \/ Yoast SEO plugin. -->","yoast_head_json":{"title":"GC Bundle - GentleCare DE","robots":{"index":"noindex","follow":"follow","max-snippet":"max-snippet:-1","max-image-preview":"max-image-preview:large","max-video-preview":"max-video-preview:-1"},"og_locale":"de_DE","og_type":"article","og_title":"GC Bundle - GentleCare DE","og_description":"GentleCare\u2019s Skincare Bundle simplifies your routine without compromising on quality.","og_url":"https:\/\/staging-bpx.gentle-care.com\/de\/produkt\/gc-bundle\/","og_site_name":"GentleCare DE","article_publisher":"https:\/\/www.facebook.com\/profile.php?id=61566351594276","article_modified_time":"2025-03-31T21:45:52+00:00","twitter_card":"summary_large_image","twitter_misc":{"Gesch\u00e4tzte Lesezeit":"1\u00a0Minute"},"schema":{"@context":"https:\/\/schema.org","@graph":[{"@type":"WebPage","@id":"https:\/\/staging-bpx.gentle-care.com\/product\/gc-bundle\/","url":"https:\/\/staging-bpx.gentle-care.com\/product\/gc-bundle\/","name":"GC Bundle - GentleCare DE","isPartOf":{"@id":"https:\/\/staging-bpx.gentle-care.com\/#website"},"primaryImageOfPage":{"@id":"https:\/\/staging-bpx.gentle-care.com\/product\/gc-bundle\/#primaryimage"},"image":{"@id":"https:\/\/staging-bpx.gentle-care.com\/product\/gc-bundle\/#primaryimage"},"thumbnailUrl":"https:\/\/staging-bpx.gentle-care.com\/wp-content\/uploads\/2024\/11\/1.svg","datePublished":"2024-11-10T15:05:47+00:00","dateModified":"2025-03-31T21:45:52+00:00","breadcrumb":{"@id":"https:\/\/staging-bpx.gentle-care.com\/product\/gc-bundle\/#breadcrumb"},"inLanguage":"de","potentialAction":[{"@type":"ReadAction","target":["https:\/\/staging-bpx.gentle-care.com\/product\/gc-bundle\/"]}]},{"@type":"ImageObject","inLanguage":"de","@id":"https:\/\/staging-bpx.gentle-care.com\/product\/gc-bundle\/#primaryimage","url":"https:\/\/staging-bpx.gentle-care.com\/wp-content\/uploads\/2024\/11\/1.svg","contentUrl":"https:\/\/staging-bpx.gentle-care.com\/wp-content\/uploads\/2024\/11\/1.svg","width":1080,"height":1080},{"@type":"BreadcrumbList","@id":"https:\/\/staging-bpx.gentle-care.com\/product\/gc-bundle\/#breadcrumb","itemListElement":[{"@type":"ListItem","position":1,"name":"Home","item":"https:\/\/staging-bpx.gentle-care.com\/"},{"@type":"ListItem","position":2,"name":"Shop","item":"https:\/\/staging-bpx.gentle-care.com\/shop\/"},{"@type":"ListItem","position":3,"name":"GC Bundle"}]},{"@type":"WebSite","@id":"https:\/\/staging-bpx.gentle-care.com\/#website","url":"https:\/\/staging-bpx.gentle-care.com\/","name":"GentleCare DE","description":"No-Nonsense Rituals. No 10-Step Routines. Only Ingredients That Work.","publisher":{"@id":"https:\/\/staging-bpx.gentle-care.com\/#organization"},"potentialAction":[{"@type":"SearchAction","target":{"@type":"EntryPoint","urlTemplate":"https:\/\/staging-bpx.gentle-care.com\/?s={search_term_string}"},"query-input":{"@type":"PropertyValueSpecification","valueRequired":true,"valueName":"search_term_string"}}],"inLanguage":"de"},{"@type":"Organization","@id":"https:\/\/staging-bpx.gentle-care.com\/#organization","name":"GentleCare DE","url":"https:\/\/staging-bpx.gentle-care.com\/","logo":{"@type":"ImageObject","inLanguage":"de","@id":"https:\/\/staging-bpx.gentle-care.com\/#\/schema\/logo\/image\/","url":"https:\/\/staging-bpx.gentle-care.com\/wp-content\/uploads\/2024\/11\/cropped-Logo-stamp-no-shadow.png","contentUrl":"https:\/\/staging-bpx.gentle-care.com\/wp-content\/uploads\/2024\/11\/cropped-Logo-stamp-no-shadow.png","width":1957,"height":1960,"caption":"GentleCare DE"},"image":{"@id":"https:\/\/staging-bpx.gentle-care.com\/#\/schema\/logo\/image\/"},"sameAs":["https:\/\/www.facebook.com\/profile.php?id=61566351594276","https:\/\/www.instagram.com\/gentlecareofficial\/#"]}]}},"_links":{"self":[{"href":"https:\/\/staging-bpx.gentle-care.com\/de\/wp-json\/wp\/v2\/product\/2372","targetHints":{"allow":["GET"]}}],"collection":[{"href":"https:\/\/staging-bpx.gentle-care.com\/de\/wp-json\/wp\/v2\/product"}],"about":[{"href":"https:\/\/staging-bpx.gentle-care.com\/de\/wp-json\/wp\/v2\/types\/product"}],"replies":[{"embeddable":true,"href":"https:\/\/staging-bpx.gentle-care.com\/de\/wp-json\/wp\/v2\/comments?post=2372"}],"wp:featuredmedia":[{"embeddable":true,"href":"https:\/\/staging-bpx.gentle-care.com\/de\/wp-json\/wp\/v2\/media\/4874"}],"wp:attachment":[{"href":"https:\/\/staging-bpx.gentle-care.com\/de\/wp-json\/wp\/v2\/media?parent=2372"}],"wp:term":[{"taxonomy":"product_brand","embeddable":true,"href":"https:\/\/staging-bpx.gentle-care.com\/de\/wp-json\/wp\/v2\/product_brand?post=2372"},{"taxonomy":"product_cat","embeddable":true,"href":"https:\/\/staging-bpx.gentle-care.com\/de\/wp-json\/wp\/v2\/product_cat?post=2372"},{"taxonomy":"product_tag","embeddable":true,"href":"https:\/\/staging-bpx.gentle-care.com\/de\/wp-json\/wp\/v2\/product_tag?post=2372"}],"curies":[{"name":"wp","href":"https:\/\/api.w.org\/{rel}","templated":true}]}}