{"id":2852,"date":"2024-11-14T21:43:19","date_gmt":"2024-11-14T21:43:19","guid":{"rendered":"https:\/\/gentle-care.com\/?page_id=2852"},"modified":"2025-03-25T18:31:43","modified_gmt":"2025-03-25T18:31:43","slug":"shipping-and-refund-policy-gc","status":"publish","type":"page","link":"https:\/\/staging-bpx.gentle-care.com\/de\/shipping-and-refund-policy-gc\/","title":{"rendered":"Versand- und R\u00fcckgabebedingungen"},"content":{"rendered":"<div data-elementor-type=\"wp-page\" data-elementor-id=\"2852\" class=\"elementor elementor-2852\" data-elementor-post-type=\"page\">\n\t\t\t\t<div class=\"e-con-top elementor-element elementor-element-8d1b71e e-flex e-con-boxed e-con e-parent\" data-id=\"8d1b71e\" data-element_type=\"container\">\n\t\t\t\t\t<div class=\"e-con-inner\">\n\t\t\t\t<div class=\"elementor-element elementor-element-c6f4848 elementor-widget elementor-widget-text-editor\" data-id=\"c6f4848\" data-element_type=\"widget\" data-widget_type=\"text-editor.default\">\n\t\t\t\t<div class=\"elementor-widget-container\">\n\t\t\t\t\t\t\t\t\t<p><strong>Versand- und R\u00fcckgabebedingungen<\/strong><br \/>Willkommen bei den Versand- und R\u00fcckgabebedingungen von GentleCare Deutschland. Wir m\u00f6chten Ihnen ein transparentes und reibungsloses Einkaufserlebnis bieten. Bitte lesen Sie die folgenden Details:<\/p><p><strong>Versandbedingungen<\/strong><\/p><ul><li><strong>Kostenloser Versand<\/strong>: Bestellungen \u00fcber 35 \u20ac qualifizieren sich f\u00fcr kostenlosen Versand.<\/li><li><strong>Standardversandgeb\u00fchr<\/strong>: F\u00fcr Bestellungen unter 35 \u20ac f\u00e4llt eine Versandgeb\u00fchr von 3,95 \u20ac an.<\/li><li><strong>Lieferzeiten<\/strong>: Bestellungen, die vor 12 Uhr eingehen, werden in der Regel innerhalb von 24 Stunden versandt. Wir streben eine Lieferung am n\u00e4chsten Werktag an, jedoch kann es 2-3 Werktage dauern, bis Ihre Bestellung ankommt.<\/li><li><strong>Haftung<\/strong>: Bitte beachten Sie, dass GentleCare nicht f\u00fcr Verz\u00f6gerungen haftet, die au\u00dferhalb unseres Einflussbereichs liegen.<\/li><\/ul><p><strong>R\u00fcckgabe- und Erstattungsbedingungen<\/strong><\/p><ul><li><strong>R\u00fcckgabefrist<\/strong>: Sie k\u00f6nnen jedes Produkt innerhalb von 14 Tagen nach Erhalt f\u00fcr eine R\u00fcckerstattung zur\u00fccksenden.<\/li><li><strong>Zustand der R\u00fccksendungen<\/strong>: Alle zur\u00fcckgesendeten Artikel m\u00fcssen unge\u00f6ffnet, unbenutzt und in ihrer Originalverpackung sein, um eine R\u00fcckerstattung zu erhalten.<\/li><li><strong>Kosten f\u00fcr die R\u00fccksendung<\/strong>: Kunden sind verantwortlich f\u00fcr die Organisation und \u00dcbernahme der R\u00fccksendekosten, es sei denn, der Artikel ist fehlerhaft oder falsch.<\/li><li><strong>Bearbeitung der R\u00fcckerstattung<\/strong>: Sobald wir Ihren zur\u00fcckgesandten Artikel erhalten haben, werden wir die R\u00fcckerstattung (einschlie\u00dflich der Standardversandkosten) innerhalb von 14 Tagen veranlassen.<\/li><li><strong>Nach 14 Tagen<\/strong>: R\u00fcckgaben und R\u00fcckerstattungen werden nach Ablauf der 14-t\u00e4gigen R\u00fcckgabefrist nicht mehr akzeptiert.<\/li><\/ul><p><strong>Fragen?<\/strong><br \/>Falls Sie Fragen zu unseren Versand- und R\u00fcckgabebedingungen haben, k\u00f6nnen Sie uns hier (Link) kontaktieren.<\/p>\t\t\t\t\t\t\t\t<\/div>\n\t\t\t\t<\/div>\n\t\t\t\t\t<\/div>\n\t\t\t\t<\/div>\n\t\t\t\t<\/div>","protected":false},"excerpt":{"rendered":"<p>Shipping and Refund PolicyWelcome to the GentleCare Germany Shipping and Refund Policy. We aim to provide a seamless and transparent shopping experience for you. Please read the following details: Shipping Policy Free Shipping: Orders over \u20ac35 qualify for free shipping. Standard Shipping Fee: For orders under \u20ac35, a shipping fee of \u20ac3.95 applies. Delivery Times: [&hellip;]<\/p>","protected":false},"author":4,"featured_media":0,"parent":0,"menu_order":0,"comment_status":"closed","ping_status":"closed","template":"","meta":{"_acf_changed":false,"om_disable_all_campaigns":false,"footnotes":""},"class_list":["post-2852","page","type-page","status-publish","hentry"],"acf":[],"yoast_head":"<!-- This site is optimized with the Yoast SEO plugin v24.9 - https:\/\/yoast.com\/wordpress\/plugins\/seo\/ -->\n<title>Shipping and Refund Policy - GentleCare DE<\/title>\n<meta name=\"robots\" content=\"noindex, follow, max-snippet:-1, max-image-preview:large, max-video-preview:-1\" \/>\n<meta property=\"og:locale\" content=\"de_DE\" \/>\n<meta property=\"og:type\" content=\"article\" \/>\n<meta property=\"og:title\" content=\"Shipping and Refund Policy - GentleCare DE\" \/>\n<meta property=\"og:description\" content=\"Shipping and Refund PolicyWelcome to the GentleCare Germany Shipping and Refund Policy. We aim to provide a seamless and transparent shopping experience for you. Please read the following details: Shipping Policy Free Shipping: Orders over \u20ac35 qualify for free shipping. Standard Shipping Fee: For orders under \u20ac35, a shipping fee of \u20ac3.95 applies. Delivery Times: [&hellip;]\" \/>\n<meta property=\"og:url\" content=\"https:\/\/staging-bpx.gentle-care.com\/de\/shipping-and-refund-policy-gc\/\" \/>\n<meta property=\"og:site_name\" content=\"GentleCare DE\" \/>\n<meta property=\"article:publisher\" content=\"https:\/\/www.facebook.com\/profile.php?id=61566351594276\" \/>\n<meta property=\"article:modified_time\" content=\"2025-03-25T18:31:43+00:00\" \/>\n<meta name=\"twitter:card\" content=\"summary_large_image\" \/>\n<meta name=\"twitter:label1\" content=\"Gesch\u00e4tzte Lesezeit\" \/>\n\t<meta name=\"twitter:data1\" content=\"1\u00a0Minute\" \/>\n<script type=\"application\/ld+json\" class=\"yoast-schema-graph\">{\"@context\":\"https:\/\/schema.org\",\"@graph\":[{\"@type\":\"WebPage\",\"@id\":\"https:\/\/staging-bpx.gentle-care.com\/shipping-and-refund-policy-gc\/\",\"url\":\"https:\/\/staging-bpx.gentle-care.com\/shipping-and-refund-policy-gc\/\",\"name\":\"Shipping and Refund Policy - GentleCare DE\",\"isPartOf\":{\"@id\":\"https:\/\/staging-bpx.gentle-care.com\/#website\"},\"datePublished\":\"2024-11-14T21:43:19+00:00\",\"dateModified\":\"2025-03-25T18:31:43+00:00\",\"breadcrumb\":{\"@id\":\"https:\/\/staging-bpx.gentle-care.com\/shipping-and-refund-policy-gc\/#breadcrumb\"},\"inLanguage\":\"de\",\"potentialAction\":[{\"@type\":\"ReadAction\",\"target\":[\"https:\/\/staging-bpx.gentle-care.com\/shipping-and-refund-policy-gc\/\"]}]},{\"@type\":\"BreadcrumbList\",\"@id\":\"https:\/\/staging-bpx.gentle-care.com\/shipping-and-refund-policy-gc\/#breadcrumb\",\"itemListElement\":[{\"@type\":\"ListItem\",\"position\":1,\"name\":\"Home\",\"item\":\"https:\/\/staging-bpx.gentle-care.com\/\"},{\"@type\":\"ListItem\",\"position\":2,\"name\":\"Shipping and Refund Policy\"}]},{\"@type\":\"WebSite\",\"@id\":\"https:\/\/staging-bpx.gentle-care.com\/#website\",\"url\":\"https:\/\/staging-bpx.gentle-care.com\/\",\"name\":\"GentleCare DE\",\"description\":\"No-Nonsense Rituals. No 10-Step Routines. Only Ingredients That Work.\",\"publisher\":{\"@id\":\"https:\/\/staging-bpx.gentle-care.com\/#organization\"},\"potentialAction\":[{\"@type\":\"SearchAction\",\"target\":{\"@type\":\"EntryPoint\",\"urlTemplate\":\"https:\/\/staging-bpx.gentle-care.com\/?s={search_term_string}\"},\"query-input\":{\"@type\":\"PropertyValueSpecification\",\"valueRequired\":true,\"valueName\":\"search_term_string\"}}],\"inLanguage\":\"de\"},{\"@type\":\"Organization\",\"@id\":\"https:\/\/staging-bpx.gentle-care.com\/#organization\",\"name\":\"GentleCare DE\",\"url\":\"https:\/\/staging-bpx.gentle-care.com\/\",\"logo\":{\"@type\":\"ImageObject\",\"inLanguage\":\"de\",\"@id\":\"https:\/\/staging-bpx.gentle-care.com\/#\/schema\/logo\/image\/\",\"url\":\"https:\/\/staging-bpx.gentle-care.com\/wp-content\/uploads\/2024\/11\/cropped-Logo-stamp-no-shadow.png\",\"contentUrl\":\"https:\/\/staging-bpx.gentle-care.com\/wp-content\/uploads\/2024\/11\/cropped-Logo-stamp-no-shadow.png\",\"width\":1957,\"height\":1960,\"caption\":\"GentleCare DE\"},\"image\":{\"@id\":\"https:\/\/staging-bpx.gentle-care.com\/#\/schema\/logo\/image\/\"},\"sameAs\":[\"https:\/\/www.facebook.com\/profile.php?id=61566351594276\",\"https:\/\/www.instagram.com\/gentlecareofficial\/#\"]}]}<\/script>\n<!-- \/ Yoast SEO plugin. -->","yoast_head_json":{"title":"Shipping and Refund Policy - GentleCare DE","robots":{"index":"noindex","follow":"follow","max-snippet":"max-snippet:-1","max-image-preview":"max-image-preview:large","max-video-preview":"max-video-preview:-1"},"og_locale":"de_DE","og_type":"article","og_title":"Shipping and Refund Policy - GentleCare DE","og_description":"Shipping and Refund PolicyWelcome to the GentleCare Germany Shipping and Refund Policy. We aim to provide a seamless and transparent shopping experience for you. Please read the following details: Shipping Policy Free Shipping: Orders over \u20ac35 qualify for free shipping. Standard Shipping Fee: For orders under \u20ac35, a shipping fee of \u20ac3.95 applies. Delivery Times: [&hellip;]","og_url":"https:\/\/staging-bpx.gentle-care.com\/de\/shipping-and-refund-policy-gc\/","og_site_name":"GentleCare DE","article_publisher":"https:\/\/www.facebook.com\/profile.php?id=61566351594276","article_modified_time":"2025-03-25T18:31:43+00:00","twitter_card":"summary_large_image","twitter_misc":{"Gesch\u00e4tzte Lesezeit":"1\u00a0Minute"},"schema":{"@context":"https:\/\/schema.org","@graph":[{"@type":"WebPage","@id":"https:\/\/staging-bpx.gentle-care.com\/shipping-and-refund-policy-gc\/","url":"https:\/\/staging-bpx.gentle-care.com\/shipping-and-refund-policy-gc\/","name":"Shipping and Refund Policy - GentleCare DE","isPartOf":{"@id":"https:\/\/staging-bpx.gentle-care.com\/#website"},"datePublished":"2024-11-14T21:43:19+00:00","dateModified":"2025-03-25T18:31:43+00:00","breadcrumb":{"@id":"https:\/\/staging-bpx.gentle-care.com\/shipping-and-refund-policy-gc\/#breadcrumb"},"inLanguage":"de","potentialAction":[{"@type":"ReadAction","target":["https:\/\/staging-bpx.gentle-care.com\/shipping-and-refund-policy-gc\/"]}]},{"@type":"BreadcrumbList","@id":"https:\/\/staging-bpx.gentle-care.com\/shipping-and-refund-policy-gc\/#breadcrumb","itemListElement":[{"@type":"ListItem","position":1,"name":"Home","item":"https:\/\/staging-bpx.gentle-care.com\/"},{"@type":"ListItem","position":2,"name":"Shipping and Refund Policy"}]},{"@type":"WebSite","@id":"https:\/\/staging-bpx.gentle-care.com\/#website","url":"https:\/\/staging-bpx.gentle-care.com\/","name":"GentleCare DE","description":"No-Nonsense Rituals. No 10-Step Routines. Only Ingredients That Work.","publisher":{"@id":"https:\/\/staging-bpx.gentle-care.com\/#organization"},"potentialAction":[{"@type":"SearchAction","target":{"@type":"EntryPoint","urlTemplate":"https:\/\/staging-bpx.gentle-care.com\/?s={search_term_string}"},"query-input":{"@type":"PropertyValueSpecification","valueRequired":true,"valueName":"search_term_string"}}],"inLanguage":"de"},{"@type":"Organization","@id":"https:\/\/staging-bpx.gentle-care.com\/#organization","name":"GentleCare DE","url":"https:\/\/staging-bpx.gentle-care.com\/","logo":{"@type":"ImageObject","inLanguage":"de","@id":"https:\/\/staging-bpx.gentle-care.com\/#\/schema\/logo\/image\/","url":"https:\/\/staging-bpx.gentle-care.com\/wp-content\/uploads\/2024\/11\/cropped-Logo-stamp-no-shadow.png","contentUrl":"https:\/\/staging-bpx.gentle-care.com\/wp-content\/uploads\/2024\/11\/cropped-Logo-stamp-no-shadow.png","width":1957,"height":1960,"caption":"GentleCare DE"},"image":{"@id":"https:\/\/staging-bpx.gentle-care.com\/#\/schema\/logo\/image\/"},"sameAs":["https:\/\/www.facebook.com\/profile.php?id=61566351594276","https:\/\/www.instagram.com\/gentlecareofficial\/#"]}]}},"_links":{"self":[{"href":"https:\/\/staging-bpx.gentle-care.com\/de\/wp-json\/wp\/v2\/pages\/2852","targetHints":{"allow":["GET"]}}],"collection":[{"href":"https:\/\/staging-bpx.gentle-care.com\/de\/wp-json\/wp\/v2\/pages"}],"about":[{"href":"https:\/\/staging-bpx.gentle-care.com\/de\/wp-json\/wp\/v2\/types\/page"}],"author":[{"embeddable":true,"href":"https:\/\/staging-bpx.gentle-care.com\/de\/wp-json\/wp\/v2\/users\/4"}],"replies":[{"embeddable":true,"href":"https:\/\/staging-bpx.gentle-care.com\/de\/wp-json\/wp\/v2\/comments?post=2852"}],"version-history":[{"count":9,"href":"https:\/\/staging-bpx.gentle-care.com\/de\/wp-json\/wp\/v2\/pages\/2852\/revisions"}],"predecessor-version":[{"id":5017,"href":"https:\/\/staging-bpx.gentle-care.com\/de\/wp-json\/wp\/v2\/pages\/2852\/revisions\/5017"}],"wp:attachment":[{"href":"https:\/\/staging-bpx.gentle-care.com\/de\/wp-json\/wp\/v2\/media?parent=2852"}],"curies":[{"name":"wp","href":"https:\/\/api.w.org\/{rel}","templated":true}]}}